{"id":302,"date":"2023-11-29T10:51:41","date_gmt":"2023-11-29T10:51:41","guid":{"rendered":"http:\/\/francis.mikimalio.com\/domains\/francis.mikimalio.com\/?page_id=302"},"modified":"2025-10-12T15:35:13","modified_gmt":"2025-10-12T13:35:13","slug":"about","status":"publish","type":"page","link":"https:\/\/camillegrosset.com\/?page_id=302","title":{"rendered":"About me"},"content":{"rendered":"\n<div style=\"height:8rem\" aria-hidden=\"true\" class=\"wp-block-spacer\"><\/div>\n\n\n\n<div class=\"wp-block-columns is-layout-flex wp-container-core-columns-is-layout-28f84493 wp-block-columns-is-layout-flex\">\n<div class=\"wp-block-column is-layout-flow wp-block-column-is-layout-flow\">\n<h5 class=\"wp-block-heading\">Avec plus de dix ans d\u2019exp\u00e9rience au service des maisons de mode et de m\u00e9tiers d\u2019art, je suis sp\u00e9cialis\u00e9e dans la broderie, un domaine o\u00f9 l\u2019exigence technique et la cr\u00e9ativit\u00e9 sont essentielles. Mon parcours m\u2019a permis de collaborer \u00e9troitement avec des cr\u00e9ateurs pour traduire des concepts artistiques en pi\u00e8ces brod\u00e9es uniques, alliant pr\u00e9cision et minutie. J\u2019ai d\u00e9velopp\u00e9 un savoir-faire polyvalent et rigoureux, capable de r\u00e9pondre aux attentes des grandes maisons tout en innovant dans les techniques de broderie pour des projets ambitieux et originaux.<\/h5>\n\n\n\n<div style=\"height:2rem\" aria-hidden=\"true\" class=\"wp-block-spacer\"><\/div>\n\n\n\n<p>Services:<\/p>\n\n\n\n<h5 class=\"wp-block-heading has-white-background-color has-background\">Broderie<br>Projet maille (tricot et crochet main)<br>Macram\u00e9<br>Couture<br>Design textile<br><\/h5>\n\n\n\n<div style=\"height:2rem\" aria-hidden=\"true\" class=\"wp-block-spacer\"><\/div>\n\n\n\n<p>Contact:<\/p>\n\n\n\n<h5 class=\"wp-block-heading\">camille.grosset@gmail.com<\/h5>\n\n\n\n<p><\/p>\n<\/div>\n\n\n\n<div class=\"wp-block-column is-layout-flow wp-block-column-is-layout-flow\">\n<figure class=\"wp-block-image alignright size-large\"><img loading=\"lazy\" decoding=\"async\" width=\"768\" height=\"1024\" src=\"https:\/\/camillegrosset.com\/wp-content\/uploads\/2025\/10\/IMG_7167-768x1024.jpeg\" alt=\"\" class=\"wp-image-390\" srcset=\"https:\/\/camillegrosset.com\/wp-content\/uploads\/2025\/10\/IMG_7167-768x1024.jpeg 768w, https:\/\/camillegrosset.com\/wp-content\/uploads\/2025\/10\/IMG_7167-225x300.jpeg 225w, https:\/\/camillegrosset.com\/wp-content\/uploads\/2025\/10\/IMG_7167-1152x1536.jpeg 1152w, https:\/\/camillegrosset.com\/wp-content\/uploads\/2025\/10\/IMG_7167-1536x2048.jpeg 1536w, https:\/\/camillegrosset.com\/wp-content\/uploads\/2025\/10\/IMG_7167-scaled.jpeg 1920w\" sizes=\"auto, (max-width: 768px) 100vw, 768px\" \/><\/figure>\n<\/div>\n<\/div>\n","protected":false},"excerpt":{"rendered":"<p>Avec plus de dix ans d\u2019exp\u00e9rience au service des maisons de mode et de m\u00e9tiers d\u2019art, je suis sp\u00e9cialis\u00e9e dans la broderie, un domaine o\u00f9 l\u2019exigence technique et la cr\u00e9ativit\u00e9 sont essentielles. Mon parcours m\u2019a permis de collaborer \u00e9troitement avec des cr\u00e9ateurs pour traduire des concepts artistiques en pi\u00e8ces brod\u00e9es uniques, alliant pr\u00e9cision et minutie. [&hellip;]<\/p>\n","protected":false},"author":1,"featured_media":0,"parent":0,"menu_order":0,"comment_status":"closed","ping_status":"closed","template":"","meta":{"footnotes":""},"categories":[],"tags":[],"class_list":["post-302","page","type-page","status-publish","hentry"],"_links":{"self":[{"href":"https:\/\/camillegrosset.com\/index.php?rest_route=\/wp\/v2\/pages\/302","targetHints":{"allow":["GET"]}}],"collection":[{"href":"https:\/\/camillegrosset.com\/index.php?rest_route=\/wp\/v2\/pages"}],"about":[{"href":"https:\/\/camillegrosset.com\/index.php?rest_route=\/wp\/v2\/types\/page"}],"author":[{"embeddable":true,"href":"https:\/\/camillegrosset.com\/index.php?rest_route=\/wp\/v2\/users\/1"}],"replies":[{"embeddable":true,"href":"https:\/\/camillegrosset.com\/index.php?rest_route=%2Fwp%2Fv2%2Fcomments&post=302"}],"version-history":[{"count":3,"href":"https:\/\/camillegrosset.com\/index.php?rest_route=\/wp\/v2\/pages\/302\/revisions"}],"predecessor-version":[{"id":388,"href":"https:\/\/camillegrosset.com\/index.php?rest_route=\/wp\/v2\/pages\/302\/revisions\/388"}],"wp:attachment":[{"href":"https:\/\/camillegrosset.com\/index.php?rest_route=%2Fwp%2Fv2%2Fmedia&parent=302"}],"wp:term":[{"taxonomy":"category","embeddable":true,"href":"https:\/\/camillegrosset.com\/index.php?rest_route=%2Fwp%2Fv2%2Fcategories&post=302"},{"taxonomy":"post_tag","embeddable":true,"href":"https:\/\/camillegrosset.com\/index.php?rest_route=%2Fwp%2Fv2%2Ftags&post=302"}],"curies":[{"name":"wp","href":"https:\/\/api.w.org\/{rel}","templated":true}]}}