{"id":34,"date":"2023-11-28T16:36:38","date_gmt":"2023-11-28T16:36:38","guid":{"rendered":"http:\/\/francis.mikimalio.com\/domains\/francis.mikimalio.com\/?page_id=7"},"modified":"2025-10-12T15:48:44","modified_gmt":"2025-10-12T13:48:44","slug":"home","status":"publish","type":"page","link":"https:\/\/camillegrosset.com\/","title":{"rendered":"Home"},"content":{"rendered":"\n<div class=\"wp-block-group alignfull has-global-padding is-layout-constrained wp-block-group-is-layout-constrained\" style=\"min-height:100vh\">\n<div class=\"wp-block-columns alignfull is-layout-flex wp-container-core-columns-is-layout-28f84493 wp-block-columns-is-layout-flex\">\n<div class=\"wp-block-column mobile-display-none is-layout-flow wp-block-column-is-layout-flow\"><\/div>\n\n\n\n<div class=\"wp-block-column is-layout-flow wp-block-column-is-layout-flow\">\n<div class=\"wp-block-cover is-light\" style=\"min-height:100vh;aspect-ratio:unset;\"><img loading=\"lazy\" decoding=\"async\" width=\"768\" height=\"1024\" class=\"wp-block-cover__image-background wp-image-390 size-large\" alt=\"\" src=\"http:\/\/camillegrosset.com\/wp-content\/uploads\/2025\/10\/IMG_7167-768x1024.jpeg\" style=\"object-position:50% 56%\" data-object-fit=\"cover\" data-object-position=\"50% 56%\" srcset=\"https:\/\/camillegrosset.com\/wp-content\/uploads\/2025\/10\/IMG_7167-768x1024.jpeg 768w, https:\/\/camillegrosset.com\/wp-content\/uploads\/2025\/10\/IMG_7167-225x300.jpeg 225w, https:\/\/camillegrosset.com\/wp-content\/uploads\/2025\/10\/IMG_7167-1152x1536.jpeg 1152w, https:\/\/camillegrosset.com\/wp-content\/uploads\/2025\/10\/IMG_7167-1536x2048.jpeg 1536w, https:\/\/camillegrosset.com\/wp-content\/uploads\/2025\/10\/IMG_7167-scaled.jpeg 1920w\" sizes=\"auto, (max-width: 768px) 100vw, 768px\" \/><span aria-hidden=\"true\" class=\"wp-block-cover__background has-background-dim-0 has-background-dim\" style=\"background-color:#a5a5a5\"><\/span><div class=\"wp-block-cover__inner-container has-global-padding is-layout-constrained wp-container-core-cover-is-layout-b212179f wp-block-cover-is-layout-constrained\">\n<p class=\"has-text-align-center has-large-font-size\"><\/p>\n<\/div><\/div>\n<\/div>\n<\/div>\n<\/div>\n\n\n\n<div class=\"wp-block-group alignfull absolute top-0 left-0 mobile-white has-global-padding is-layout-constrained wp-block-group-is-layout-constrained\">\n<div class=\"wp-block-group alignwide has-global-padding is-layout-constrained wp-block-group-is-layout-constrained\">\n<div class=\"wp-block-columns is-layout-flex wp-container-core-columns-is-layout-28f84493 wp-block-columns-is-layout-flex\">\n<div class=\"wp-block-column hp-mobile is-layout-flow wp-block-column-is-layout-flow\" style=\"flex-basis:45%\">\n<div style=\"height:35vh\" aria-hidden=\"true\" class=\"wp-block-spacer\"><\/div>\n\n\n\n<h1 class=\"wp-block-heading\">Artisane brodeuse<br>Designer mailles<\/h1>\n\n\n\n<p style=\"margin-top:var(--wp--preset--spacing--30);margin-bottom:var(--wp--preset--spacing--30)\">Brodeuse d\u2019art, je cr\u00e9e des pi\u00e8ces o\u00f9 la pr\u00e9cision du geste rencontre l\u2019\u00e9l\u00e9gance des m\u00e9tiers d\u2019art.<\/p>\n\n\n\n<div class=\"wp-block-buttons is-layout-flex wp-block-buttons-is-layout-flex\" style=\"margin-top:var(--wp--preset--spacing--40);margin-bottom:var(--wp--preset--spacing--40)\">\n<div class=\"wp-block-button is-style-fill\"><a class=\"wp-block-button__link wp-element-button\" href=\"mailto:johndoe@johndoe.com\">Contact me<\/a><\/div>\n\n\n<\/div>\n<\/div>\n\n\n\n<div class=\"wp-block-column is-layout-flow wp-block-column-is-layout-flow\"><\/div>\n<\/div>\n<\/div>\n<\/div>\n\n\n\n<div aria-hidden=\"true\" class=\"wp-block-fsb-flexible-spacer fsb-flexible-spacer\"><div class=\"fsb-flexible-spacer__device fsb-flexible-spacer__device--lg\" style=\"height:6rem\"><\/div><div class=\"fsb-flexible-spacer__device fsb-flexible-spacer__device--md\" style=\"height:4rem\"><\/div><div class=\"fsb-flexible-spacer__device fsb-flexible-spacer__device--sm\" style=\"height:3rem\"><\/div><\/div>\n\n\n\n<div class=\"wp-block-columns is-layout-flex wp-container-core-columns-is-layout-28f84493 wp-block-columns-is-layout-flex\">\n<div class=\"wp-block-column is-layout-flow wp-block-column-is-layout-flow\" style=\"flex-basis:10%\"><\/div>\n\n\n\n<div class=\"wp-block-column is-layout-flow wp-block-column-is-layout-flow\" style=\"flex-basis:85%\">\n<div class=\"wp-block-columns is-layout-flex wp-container-core-columns-is-layout-7fc3d43a wp-block-columns-is-layout-flex\">\n<div class=\"wp-block-column is-layout-flow wp-block-column-is-layout-flow\">\n<h3 class=\"wp-block-heading\">Well seasoned<br>graphic designer<\/h3>\n<\/div>\n\n\n\n<div class=\"wp-block-column is-layout-flow wp-block-column-is-layout-flow\">\n<p style=\"line-height:1.7\">My diverse skill set encompasses branding, typography, and digital illustration, allowing me to craft visually compelling designs that not only captivate audiences but also deliver on strategic objectives.<\/p>\n\n\n\n<p style=\"line-height:1.7\">With a proven track record of collaborating with a wide range of clients across industries, I am dedicated to delivering innovative design solutions that elevate brands and leave a lasting impression.<\/p>\n<\/div>\n<\/div>\n<\/div>\n\n\n\n<div class=\"wp-block-column is-layout-flow wp-block-column-is-layout-flow\" style=\"flex-basis:5%\"><\/div>\n<\/div>\n\n\n\n<div aria-hidden=\"true\" class=\"wp-block-fsb-flexible-spacer fsb-flexible-spacer\"><div class=\"fsb-flexible-spacer__device fsb-flexible-spacer__device--lg\" style=\"height:6rem\"><\/div><div class=\"fsb-flexible-spacer__device fsb-flexible-spacer__device--md\" style=\"height:4rem\"><\/div><div class=\"fsb-flexible-spacer__device fsb-flexible-spacer__device--sm\" style=\"height:3rem\"><\/div><\/div>\n\n\n\n<h2 class=\"wp-block-heading has-text-align-center\">My designs<\/h2>\n\n\n\n<div aria-hidden=\"true\" class=\"wp-block-fsb-flexible-spacer fsb-flexible-spacer\"><div class=\"fsb-flexible-spacer__device fsb-flexible-spacer__device--lg\" style=\"height:4rem\"><\/div><div class=\"fsb-flexible-spacer__device fsb-flexible-spacer__device--md\" style=\"height:3rem\"><\/div><div class=\"fsb-flexible-spacer__device fsb-flexible-spacer__device--sm\" style=\"height:2rem\"><\/div><\/div>\n","protected":false},"excerpt":{"rendered":"<p>Artisane brodeuseDesigner mailles Brodeuse d\u2019art, je cr\u00e9e des pi\u00e8ces o\u00f9 la pr\u00e9cision du geste rencontre l\u2019\u00e9l\u00e9gance des m\u00e9tiers d\u2019art. Well seasonedgraphic designer My diverse skill set encompasses branding, typography, and digital illustration, allowing me to craft visually compelling designs that not only captivate audiences but also deliver on strategic objectives. With a proven track record [&hellip;]<\/p>\n","protected":false},"author":1,"featured_media":0,"parent":0,"menu_order":0,"comment_status":"closed","ping_status":"closed","template":"templates\/pages\/portfolio-atbottompage.php","meta":{"footnotes":""},"categories":[],"tags":[],"class_list":["post-34","page","type-page","status-publish","hentry"],"_links":{"self":[{"href":"https:\/\/camillegrosset.com\/index.php?rest_route=\/wp\/v2\/pages\/34","targetHints":{"allow":["GET"]}}],"collection":[{"href":"https:\/\/camillegrosset.com\/index.php?rest_route=\/wp\/v2\/pages"}],"about":[{"href":"https:\/\/camillegrosset.com\/index.php?rest_route=\/wp\/v2\/types\/page"}],"author":[{"embeddable":true,"href":"https:\/\/camillegrosset.com\/index.php?rest_route=\/wp\/v2\/users\/1"}],"replies":[{"embeddable":true,"href":"https:\/\/camillegrosset.com\/index.php?rest_route=%2Fwp%2Fv2%2Fcomments&post=34"}],"version-history":[{"count":5,"href":"https:\/\/camillegrosset.com\/index.php?rest_route=\/wp\/v2\/pages\/34\/revisions"}],"predecessor-version":[{"id":400,"href":"https:\/\/camillegrosset.com\/index.php?rest_route=\/wp\/v2\/pages\/34\/revisions\/400"}],"wp:attachment":[{"href":"https:\/\/camillegrosset.com\/index.php?rest_route=%2Fwp%2Fv2%2Fmedia&parent=34"}],"wp:term":[{"taxonomy":"category","embeddable":true,"href":"https:\/\/camillegrosset.com\/index.php?rest_route=%2Fwp%2Fv2%2Fcategories&post=34"},{"taxonomy":"post_tag","embeddable":true,"href":"https:\/\/camillegrosset.com\/index.php?rest_route=%2Fwp%2Fv2%2Ftags&post=34"}],"curies":[{"name":"wp","href":"https:\/\/api.w.org\/{rel}","templated":true}]}}